{"id":813,"date":"2025-03-20T08:27:00","date_gmt":"2025-03-20T07:27:00","guid":{"rendered":"http:\/\/globalrelax.it\/wordpress\/\/\/?page_id=813"},"modified":"2025-06-17T11:49:14","modified_gmt":"2025-06-17T09:49:14","slug":"poltrone-linea-medicale","status":"publish","type":"page","link":"https:\/\/globalrelax.it\/?page_id=813","title":{"rendered":"Poltrone Linea Medicale"},"content":{"rendered":"<div class=\"wpb-content-wrapper\"><p>[vc_row el_class=&#8221;service_row1&#8243; css=&#8221;.vc_custom_1501059081610{margin-top: 20px !important;margin-bottom: 60px !important;}&#8221;][vc_column width=&#8221;1\/2&#8243; el_class=&#8221;feature_row1&#8243; css=&#8221;.vc_custom_1498202140069{padding-right: 0px !important;}&#8221;]\t<div class=\"ftc-feature \">\n\t\t<div class=\"feature-content\">\n\n\t\t\t\t\t\t\n\t\t\t\t\t\t\t\n\t\t\t\t<a target=\"_blank\" class=\"ftc_feature_image\" href=\"https:\/\/globalrelax.it\/?page_id=3907\" >\n\t\t\t\t\t<img loading=\"lazy\" decoding=\"async\" width=\"1383\" height=\"958\" src=\"https:\/\/globalrelax.it\/wp-content\/uploads\/2024\/09\/IMG_2283.jpeg\" class=\"img\" alt=\"\" srcset=\"https:\/\/globalrelax.it\/wp-content\/uploads\/2024\/09\/IMG_2283.jpeg 1383w, https:\/\/globalrelax.it\/wp-content\/uploads\/2024\/09\/IMG_2283-300x208.jpeg 300w, https:\/\/globalrelax.it\/wp-content\/uploads\/2024\/09\/IMG_2283-1024x709.jpeg 1024w, https:\/\/globalrelax.it\/wp-content\/uploads\/2024\/09\/IMG_2283-768x532.jpeg 768w, https:\/\/globalrelax.it\/wp-content\/uploads\/2024\/09\/IMG_2283-600x416.jpeg 600w\" sizes=\"auto, (max-width: 1383px) 100vw, 1383px\" \/> \n\t\t\t\t\t<div class=\"smooth\"><\/div>\n\t\t\t\t<\/a>\n\t\t\t\t\n\t\t\t\t\t\t\n\t\t\t\t\t\t\t<div class=\"ftc_feature_content\">\n\t\t\t\t\n\t\t\t\t\t\n\t\t\t\t\t\n\t\t\t\t\t\t\t\t\t\t<\/div>\n\t\t\t\t\t\t<\/div>\n\t<\/div>\n\t[\/vc_column][vc_column width=&#8221;1\/2&#8243; el_class=&#8221;text_row1&#8243; css=&#8221;.vc_custom_1498202148245{padding-left: 0px !important;}&#8221;][vc_column_text css=&#8221;.vc_custom_1726760393272{margin-bottom: 0px !important;}&#8221;]<\/p>\n<div class=\"text_service row1\">\n<h3 style=\"text-align: left;\">GLOBAL MED<\/h3>\n<div style=\"text-align: left;\">La poltrona relax Global Med favorisce il raggiungimento<\/div>\n<div style=\"text-align: left;\">del rilassamento ottimale e restituisce autonomia e<\/div>\n<div style=\"text-align: left;\">indipendenza anche a coloro che hanno difficolt\u00e0 di<\/div>\n<div style=\"text-align: left;\">movimento per motivi legati all\u2019et\u00e0 o a problemi fisici.<\/div>\n<div style=\"text-align: left;\">Il Piumino d&#8217;oca rende questa poltrona estremamente<\/div>\n<div style=\"text-align: left;\">comoda e morbida al tatto. Adatto a tutte le stagioni<\/div>\n<div style=\"text-align: left;\">grazie al suo alto potere traspirante.<\/div>\n<\/div>\n<p>[\/vc_column_text]<div class=\"ftc-sb-button\" ><a style=\"background:#527FA4;border-color:#FFFFFF;border-width:20px ;color:#ffffff;border-radius:0;\" href=\"https:\/\/globalrelax.it\/?page_id=3907\" target=\"_self\" class=\"ftc-button ftc-button-1 small  \">Scopri di pi\u00f9<\/a><\/div>[\/vc_column][\/vc_row][vc_row el_class=&#8221;service_row2&#8243; css=&#8221;.vc_custom_1498202469193{margin-top: 30px !important;margin-bottom: 60px !important;}&#8221;][vc_column width=&#8221;1\/2&#8243; el_class=&#8221;text_row2&#8243; css=&#8221;.vc_custom_1498202156676{padding-right: 0px !important;}&#8221;][vc_column_text css=&#8221;.vc_custom_1726760362931{margin-bottom: 0px !important;}&#8221;]<\/p>\n<div class=\"text_service row2\">\n<h3>HOLLYWOOD<\/h3>\n<div>La poltrona relax Hollywood. La poltrona multimassagio con<\/div>\n<div>l&#8217;innovativo SISTEMA ORBITALE SFERICO. Provoca il<\/div>\n<div>rilassamento attraverso un movimento ondulatorio regolare<\/div>\n<div>e costante che facilita la Decontrazione Muscolare profonda,<\/div>\n<div>aumenta la capacit\u00e0 respiratoria sincronizzandola con il<\/div>\n<div>suo ritmo calmo.<\/div>\n<\/div>\n<p>[\/vc_column_text][\/vc_column][vc_column width=&#8221;1\/2&#8243; el_class=&#8221;feature_row2&#8243; css=&#8221;.vc_custom_1498202169382{padding-left: 0px !important;}&#8221;]\t<div class=\"ftc-feature \">\n\t\t<div class=\"feature-content\">\n\n\t\t\t\t\t\t\n\t\t\t\t\t\t\t\n\t\t\t\t<a target=\"_blank\" class=\"ftc_feature_image\" href=\"javascript: void(0)\" >\n\t\t\t\t\t<img loading=\"lazy\" decoding=\"async\" width=\"1383\" height=\"958\" src=\"https:\/\/globalrelax.it\/wp-content\/uploads\/2024\/09\/Poltrona-Hollyhood.jpg\" class=\"img\" alt=\"\" srcset=\"https:\/\/globalrelax.it\/wp-content\/uploads\/2024\/09\/Poltrona-Hollyhood.jpg 1383w, https:\/\/globalrelax.it\/wp-content\/uploads\/2024\/09\/Poltrona-Hollyhood-300x208.jpg 300w, https:\/\/globalrelax.it\/wp-content\/uploads\/2024\/09\/Poltrona-Hollyhood-1024x709.jpg 1024w, https:\/\/globalrelax.it\/wp-content\/uploads\/2024\/09\/Poltrona-Hollyhood-768x532.jpg 768w, https:\/\/globalrelax.it\/wp-content\/uploads\/2024\/09\/Poltrona-Hollyhood-600x416.jpg 600w\" sizes=\"auto, (max-width: 1383px) 100vw, 1383px\" \/> \n\t\t\t\t\t<div class=\"smooth\"><\/div>\n\t\t\t\t<\/a>\n\t\t\t\t\n\t\t\t\t\t\t\n\t\t\t\t\t\t\t<div class=\"ftc_feature_content\">\n\t\t\t\t\n\t\t\t\t\t\n\t\t\t\t\t\n\t\t\t\t\t\t\t\t\t\t<\/div>\n\t\t\t\t\t\t<\/div>\n\t<\/div>\n\t[\/vc_column][\/vc_row][vc_row el_class=&#8221;service_row3&#8243; css=&#8221;.vc_custom_1505284455147{margin-top: 30px !important;margin-bottom: 35px !important;}&#8221;][vc_column width=&#8221;1\/2&#8243; el_class=&#8221;feature_row3&#8243; css=&#8221;.vc_custom_1498202177436{padding-right: 0px !important;}&#8221;]\t<div class=\"ftc-feature \">\n\t\t<div class=\"feature-content\">\n\n\t\t\t\t\t\t\n\t\t\t\t\t\t\t\n\t\t\t\t<a target=\"_blank\" class=\"ftc_feature_image\" href=\"javascript: void(0)\" >\n\t\t\t\t\t<img loading=\"lazy\" decoding=\"async\" width=\"1383\" height=\"958\" src=\"https:\/\/globalrelax.it\/wp-content\/uploads\/2024\/09\/Poltrona-Beauty-Med.jpeg\" class=\"img\" alt=\"\" srcset=\"https:\/\/globalrelax.it\/wp-content\/uploads\/2024\/09\/Poltrona-Beauty-Med.jpeg 1383w, https:\/\/globalrelax.it\/wp-content\/uploads\/2024\/09\/Poltrona-Beauty-Med-300x208.jpeg 300w, https:\/\/globalrelax.it\/wp-content\/uploads\/2024\/09\/Poltrona-Beauty-Med-1024x709.jpeg 1024w, https:\/\/globalrelax.it\/wp-content\/uploads\/2024\/09\/Poltrona-Beauty-Med-768x532.jpeg 768w, https:\/\/globalrelax.it\/wp-content\/uploads\/2024\/09\/Poltrona-Beauty-Med-600x416.jpeg 600w\" sizes=\"auto, (max-width: 1383px) 100vw, 1383px\" \/> \n\t\t\t\t\t<div class=\"smooth\"><\/div>\n\t\t\t\t<\/a>\n\t\t\t\t\n\t\t\t\t\t\t\n\t\t\t\t\t\t\t<div class=\"ftc_feature_content\">\n\t\t\t\t\n\t\t\t\t\t\n\t\t\t\t\t\n\t\t\t\t\t\t\t\t\t\t<\/div>\n\t\t\t\t\t\t<\/div>\n\t<\/div>\n\t[\/vc_column][vc_column width=&#8221;1\/2&#8243; el_class=&#8221;text_row3&#8243; css=&#8221;.vc_custom_1498202185172{padding-left: 0px !important;}&#8221;][vc_column_text css=&#8221;.vc_custom_1730839215255{margin-bottom: 0px !important;}&#8221;]<\/p>\n<div class=\"text_service row3\">\n<h3>BEAUTY MED<\/h3>\n<div style=\"text-align: left;\">La poltrona Beauty Med favorisce il raggiungimento del rilassamento ottimale e restituisce autonomia e indipendenza anche a coloro che hanno difficolt\u00e0 di movimento per motivi legati all\u2019et\u00e0 o a problemi fisici.<\/div>\n<\/div>\n<p>[\/vc_column_text][\/vc_column][\/vc_row][vc_row el_class=&#8221;service_row3&#8243; css=&#8221;.vc_custom_1505284455147{margin-top: 30px !important;margin-bottom: 35px !important;}&#8221;][vc_column width=&#8221;1\/2&#8243; el_class=&#8221;text_row3&#8243; css=&#8221;.vc_custom_1498202185172{padding-left: 0px !important;}&#8221;][vc_column_text css=&#8221;.vc_custom_1726483141235{margin-bottom: 0px !important;}&#8221;]<\/p>\n<div class=\"text_service row3\">\n<h3>MORGANA BERGER<\/h3>\n<div>La poltrona relax Morgana Berger favorisce il raggiungimento del rilassamento ottimale e restituisce autonomia e indipendenza anche a coloro che hanno difficolt\u00e0 di movimento per motivi legati all\u2019et\u00e0 o a problemi fisici.<\/div>\n<\/div>\n<p>[\/vc_column_text][\/vc_column][vc_column width=&#8221;1\/2&#8243; el_class=&#8221;feature_row3&#8243; css=&#8221;.vc_custom_1498202177436{padding-right: 0px !important;}&#8221;]\t<div class=\"ftc-feature \">\n\t\t<div class=\"feature-content\">\n\n\t\t\t\t\t\t\n\t\t\t\t\t\t\t\n\t\t\t\t<a target=\"_blank\" class=\"ftc_feature_image\" href=\"javascript: void(0)\" >\n\t\t\t\t\t<img loading=\"lazy\" decoding=\"async\" width=\"1383\" height=\"958\" src=\"https:\/\/globalrelax.it\/wp-content\/uploads\/2024\/09\/Poltrona-Morgana.jpg\" class=\"img\" alt=\"\" srcset=\"https:\/\/globalrelax.it\/wp-content\/uploads\/2024\/09\/Poltrona-Morgana.jpg 1383w, https:\/\/globalrelax.it\/wp-content\/uploads\/2024\/09\/Poltrona-Morgana-300x208.jpg 300w, https:\/\/globalrelax.it\/wp-content\/uploads\/2024\/09\/Poltrona-Morgana-1024x709.jpg 1024w, https:\/\/globalrelax.it\/wp-content\/uploads\/2024\/09\/Poltrona-Morgana-768x532.jpg 768w, https:\/\/globalrelax.it\/wp-content\/uploads\/2024\/09\/Poltrona-Morgana-600x416.jpg 600w\" sizes=\"auto, (max-width: 1383px) 100vw, 1383px\" \/> \n\t\t\t\t\t<div class=\"smooth\"><\/div>\n\t\t\t\t<\/a>\n\t\t\t\t\n\t\t\t\t\t\t\n\t\t\t\t\t\t\t<div class=\"ftc_feature_content\">\n\t\t\t\t\n\t\t\t\t\t\n\t\t\t\t\t\n\t\t\t\t\t\t\t\t\t\t<\/div>\n\t\t\t\t\t\t<\/div>\n\t<\/div>\n\t[\/vc_column][\/vc_row][vc_row el_class=&#8221;service_row3&#8243; css=&#8221;.vc_custom_1505284455147{margin-top: 30px !important;margin-bottom: 35px !important;}&#8221;][vc_column width=&#8221;1\/2&#8243; el_class=&#8221;feature_row3&#8243; css=&#8221;.vc_custom_1498202177436{padding-right: 0px !important;}&#8221;]\t<div class=\"ftc-feature \">\n\t\t<div class=\"feature-content\">\n\n\t\t\t\t\t\t\n\t\t\t\t\t\t\t\n\t\t\t\t<a target=\"_blank\" class=\"ftc_feature_image\" href=\"https:\/\/globalrelax.it\/?page_id=3979\" >\n\t\t\t\t\t<img loading=\"lazy\" decoding=\"async\" width=\"1383\" height=\"958\" src=\"https:\/\/globalrelax.it\/wp-content\/uploads\/2024\/09\/Poltrona-Medical-Relax.jpg\" class=\"img\" alt=\"\" srcset=\"https:\/\/globalrelax.it\/wp-content\/uploads\/2024\/09\/Poltrona-Medical-Relax.jpg 1383w, https:\/\/globalrelax.it\/wp-content\/uploads\/2024\/09\/Poltrona-Medical-Relax-300x208.jpg 300w, https:\/\/globalrelax.it\/wp-content\/uploads\/2024\/09\/Poltrona-Medical-Relax-1024x709.jpg 1024w, https:\/\/globalrelax.it\/wp-content\/uploads\/2024\/09\/Poltrona-Medical-Relax-768x532.jpg 768w, https:\/\/globalrelax.it\/wp-content\/uploads\/2024\/09\/Poltrona-Medical-Relax-600x416.jpg 600w\" sizes=\"auto, (max-width: 1383px) 100vw, 1383px\" \/> \n\t\t\t\t\t<div class=\"smooth\"><\/div>\n\t\t\t\t<\/a>\n\t\t\t\t\n\t\t\t\t\t\t\n\t\t\t\t\t\t\t<div class=\"ftc_feature_content\">\n\t\t\t\t\n\t\t\t\t\t\n\t\t\t\t\t\n\t\t\t\t\t\t\t\t\t\t<\/div>\n\t\t\t\t\t\t<\/div>\n\t<\/div>\n\t<div class=\"ftc-sb-button\" ><a style=\"background:#527FA4;border-color:#FFFFFF;border-width:20px ;color:#ffffff;border-radius:0;\" href=\"https:\/\/globalrelax.it\/?page_id=3979\" target=\"_self\" class=\"ftc-button ftc-button-2 small  \">Scopri di pi\u00f9<\/a><\/div>[\/vc_column][vc_column width=&#8221;1\/2&#8243; el_class=&#8221;text_row3&#8243; css=&#8221;.vc_custom_1498202185172{padding-left: 0px !important;}&#8221;][vc_column_text css=&#8221;.vc_custom_1726665674219{margin-bottom: 0px !important;}&#8221;]<\/p>\n<div class=\"text_service row3\">\n<h3>MEDICAL RELAX<\/h3>\n<div>La POLTRONA MEDICAL RELAX rappresenta la fusione di CONFORT QUALITA&#8217; E BENESSERE. Il nostro team diesperti professionisti ha prodotto questa poltrona minuziosamente per apportare giovamento in modo GLOBALE, avvalendosi di racchiuderein un unico prodotto le migliori tecnologie moderne, avendo attenzioni specifiche ancheverso anzianie personecon problemi motori. La POLTRONA MEDICAL RELAX \u00e8rinomata per donare BENESSERE e RELAX, nonch\u00e8 agevolarela vita, prendendosicura della nostra persona. Prodotta rigorosamenteIN ITALIA in ogni suo componente, dalla meccanica ai tessuti, spicca sul mercato per l&#8217;accuratezza el&#8217;attenzione dei DETTAGLI e RIFINITURE chesolo GLOBAL RELAX offrein ogni suo prodotto<\/div>\n<\/div>\n<p>[\/vc_column_text][\/vc_column][\/vc_row][vc_row el_class=&#8221;service_row3&#8243; css=&#8221;.vc_custom_1505284455147{margin-top: 30px !important;margin-bottom: 35px !important;}&#8221;][vc_column width=&#8221;1\/2&#8243; el_class=&#8221;text_row3&#8243; css=&#8221;.vc_custom_1498202185172{padding-left: 0px !important;}&#8221;][vc_column_text css=&#8221;.vc_custom_1731407066905{margin-bottom: 0px !important;}&#8221;]<\/p>\n<div class=\"text_service row3\">\n<h3>POLTRONA RUBINO<\/h3>\n<p style=\"text-align: left;\">La Poltrona Rubino tutta Italiana, porta il benessere e il design<br \/>\nad un livello mai raggiunto, realizzata da esperti artigiani.<\/p>\n<\/div>\n<div><\/div>\n<p>[\/vc_column_text][\/vc_column][vc_column width=&#8221;1\/2&#8243; el_class=&#8221;feature_row3&#8243; css=&#8221;.vc_custom_1498202177436{padding-right: 0px !important;}&#8221;]\t<div class=\"ftc-feature \">\n\t\t<div class=\"feature-content\">\n\n\t\t\t\t\t\t\n\t\t\t\t\t\t\t\n\t\t\t\t<a target=\"_blank\" class=\"ftc_feature_image\" href=\"javascript: void(0)\" >\n\t\t\t\t\t<img loading=\"lazy\" decoding=\"async\" width=\"1383\" height=\"958\" src=\"https:\/\/globalrelax.it\/wp-content\/uploads\/2024\/09\/IMG_3021.jpeg\" class=\"img\" alt=\"\" srcset=\"https:\/\/globalrelax.it\/wp-content\/uploads\/2024\/09\/IMG_3021.jpeg 1383w, https:\/\/globalrelax.it\/wp-content\/uploads\/2024\/09\/IMG_3021-300x208.jpeg 300w, https:\/\/globalrelax.it\/wp-content\/uploads\/2024\/09\/IMG_3021-1024x709.jpeg 1024w, https:\/\/globalrelax.it\/wp-content\/uploads\/2024\/09\/IMG_3021-768x532.jpeg 768w, https:\/\/globalrelax.it\/wp-content\/uploads\/2024\/09\/IMG_3021-600x416.jpeg 600w\" sizes=\"auto, (max-width: 1383px) 100vw, 1383px\" \/> \n\t\t\t\t\t<div class=\"smooth\"><\/div>\n\t\t\t\t<\/a>\n\t\t\t\t\n\t\t\t\t\t\t\n\t\t\t\t\t\t\t<div class=\"ftc_feature_content\">\n\t\t\t\t\n\t\t\t\t\t\n\t\t\t\t\t\n\t\t\t\t\t\t\t\t\t\t<\/div>\n\t\t\t\t\t\t<\/div>\n\t<\/div>\n\t[\/vc_column][\/vc_row][vc_row el_class=&#8221;service_row3&#8243; css=&#8221;.vc_custom_1505284455147{margin-top: 30px !important;margin-bottom: 35px !important;}&#8221;][vc_column width=&#8221;1\/2&#8243; el_class=&#8221;feature_row3&#8243; css=&#8221;.vc_custom_1498202177436{padding-right: 0px !important;}&#8221;]\t<div class=\"ftc-feature \">\n\t\t<div class=\"feature-content\">\n\n\t\t\t\t\t\t\n\t\t\t\t\t\t\t\n\t\t\t\t<a target=\"_blank\" class=\"ftc_feature_image\" href=\"https:\/\/unirasmedica.com\/\" >\n\t\t\t\t\t<img loading=\"lazy\" decoding=\"async\" width=\"1383\" height=\"958\" src=\"https:\/\/globalrelax.it\/wp-content\/uploads\/2024\/09\/IMG_3021-2.jpeg\" class=\"img\" alt=\"\" srcset=\"https:\/\/globalrelax.it\/wp-content\/uploads\/2024\/09\/IMG_3021-2.jpeg 1383w, https:\/\/globalrelax.it\/wp-content\/uploads\/2024\/09\/IMG_3021-2-300x208.jpeg 300w, https:\/\/globalrelax.it\/wp-content\/uploads\/2024\/09\/IMG_3021-2-1024x709.jpeg 1024w, https:\/\/globalrelax.it\/wp-content\/uploads\/2024\/09\/IMG_3021-2-768x532.jpeg 768w, https:\/\/globalrelax.it\/wp-content\/uploads\/2024\/09\/IMG_3021-2-600x416.jpeg 600w\" sizes=\"auto, (max-width: 1383px) 100vw, 1383px\" \/> \n\t\t\t\t\t<div class=\"smooth\"><\/div>\n\t\t\t\t<\/a>\n\t\t\t\t\n\t\t\t\t\t\t\n\t\t\t\t\t\t\t<div class=\"ftc_feature_content\">\n\t\t\t\t\n\t\t\t\t\t\n\t\t\t\t\t\n\t\t\t\t\t\t\t\t\t\t<\/div>\n\t\t\t\t\t\t<\/div>\n\t<\/div>\n\t[\/vc_column][vc_column width=&#8221;1\/2&#8243; el_class=&#8221;text_row3&#8243; css=&#8221;.vc_custom_1498202185172{padding-left: 0px !important;}&#8221;][vc_column_text css=&#8221;.vc_custom_1730837535600{margin-bottom: 0px !important;}&#8221;]<\/p>\n<div class=\"text_service row3\">\n<h3>GLOBAL CLINIQUE<\/h3>\n<p>Le poltrone Clinique, oltre ad essere sinonimo di qualit\u00e0 e design, rappresentano un valido aiuto per le persone in et\u00e0 avanzata che, grazie ai movimenti automatizzati per mezzo di uno o pi\u00f9 motori, agevolano la possibilit\u00e0 di alzarsi in piedi o distendersi completamente, ottimizzando l\u2019utilizzo delle posizioni intermedie, per una ritrovata autonomia in tutta sicurezza.<\/p>\n<div><\/div>\n<\/div>\n<p>[\/vc_column_text][\/vc_column][\/vc_row][vc_row content_placement=&#8221;middle&#8221; el_class=&#8221;heading-title&#8221;][vc_column][vc_column_text css=&#8221;&#8221;]<\/p>\n<h2>OFFERTA ROLLER GOLD IBRIDO CON LA POLTRONA A 7 MOTORI<\/h2>\n<div class=\"decorative-icon\">\n<p class=\"icon-left\">.<\/p>\n<p class=\"icon-center\">.<\/p>\n<p class=\"icon-right\">.<\/p>\n<\/div>\n<p>[\/vc_column_text][\/vc_column][\/vc_row][vc_row el_class=&#8221;service_row3&#8243; css=&#8221;.vc_custom_1505284455147{margin-top: 30px !important;margin-bottom: 35px !important;}&#8221;][vc_column width=&#8221;1\/2&#8243; el_class=&#8221;feature_row3&#8243; css=&#8221;.vc_custom_1498202177436{padding-right: 0px !important;}&#8221;][vc_column_text css=&#8221;&#8221;]<\/p>\n<h1>POLTRONA APOLLO XXL<\/h1>\n<div><\/div>\n<div><\/div>\n<div><\/div>\n<div><\/div>\n<div><\/div>\n<p><b>7 potenti motori<\/b> per consentire le funzionalit\u00e0 pi\u00f9 avanzate, permettono di passare da una posizione rilassante a una posizione di totale riposo.<\/p>\n<p>4 Ruote piroettanti su doppio giro per uso ospedaliero, altezza verticale variabile<\/p>\n<p>blocco\/sblocco automatico tramite telecomando con batteria<\/p>\n<p>Funzione blocco\/sblocco della poltrona direttamente con il telecomando in totale autonomia<\/p>\n<p>Stop blocco\/sblocco con pressione manuale<\/p>\n<p>E infine la novit\u00e0! Roller Gold Ibrido senza la barra!\u200e[\/vc_column_text][\/vc_column][vc_column width=&#8221;1\/2&#8243;][vc_video link=&#8221;https:\/\/youtu.be\/v3FnqzDXAYc&#8221; css=&#8221;&#8221;][\/vc_column][\/vc_row]<\/p>\n<\/div>","protected":false},"excerpt":{"rendered":"<p>[vc_row el_class=&#8221;service_row1&#8243; css=&#8221;.vc_custom_1501059081610{margin-top: 20px !important;margin-bottom: 60px !important;}&#8221;][vc_column width=&#8221;1\/2&#8243; el_class=&#8221;feature_row1&#8243; css=&#8221;.vc_custom_1498202140069{padding-right: 0px !important;}&#8221;][\/vc_column][vc_column width=&#8221;1\/2&#8243; el_class=&#8221;text_row1&#8243; css=&#8221;.vc_custom_1498202148245{padding-left: 0px !important;}&#8221;][vc_column_text css=&#8221;.vc_custom_1726760393272{margin-bottom: 0px !important;}&#8221;] GLOBAL MED La poltrona relax Global Med favorisce il raggiungimento del rilassamento ottimale e restituisce autonomia e indipendenza anche a coloro che hanno difficolt\u00e0 di movimento per motivi legati all\u2019et\u00e0 o a problemi fisici. Il &hellip; <\/p>\n<p class=\"link-more\"><a href=\"https:\/\/globalrelax.it\/?page_id=813\" class=\"more-link\">Continue reading<span class=\"screen-reader-text\"> &#8220;Poltrone Linea Medicale&#8221;<\/span><\/a><\/p>\n","protected":false},"author":2,"featured_media":0,"parent":0,"menu_order":0,"comment_status":"closed","ping_status":"closed","template":"","meta":{"footnotes":""},"class_list":["post-813","page","type-page","status-publish","hentry"],"yoast_head":"<!-- This site is optimized with the Yoast SEO plugin v25.3 - https:\/\/yoast.com\/wordpress\/plugins\/seo\/ -->\n<title>Poltrone Linea Medicale<\/title>\n<meta name=\"description\" content=\"La Poltrone Linea Medicale favorisce il raggiungimentodel rilassamento ottimale e restituisce autonomia e indipendenza.\" \/>\n<meta name=\"robots\" content=\"index, follow, max-snippet:-1, max-image-preview:large, max-video-preview:-1\" \/>\n<link rel=\"canonical\" href=\"https:\/\/globalrelax.it\/?page_id=813\" \/>\n<meta property=\"og:locale\" content=\"it_IT\" \/>\n<meta property=\"og:type\" content=\"article\" \/>\n<meta property=\"og:title\" content=\"Poltrone Linea Medicale\" \/>\n<meta property=\"og:description\" content=\"La Poltrone Linea Medicale favorisce il raggiungimentodel rilassamento ottimale e restituisce autonomia e indipendenza.\" \/>\n<meta property=\"og:url\" content=\"https:\/\/globalrelax.it\/?page_id=813\" \/>\n<meta property=\"og:site_name\" content=\"Global Relax\" \/>\n<meta property=\"article:publisher\" content=\"https:\/\/www.facebook.com\/globalrelax\/\" \/>\n<meta property=\"article:modified_time\" content=\"2025-06-17T09:49:14+00:00\" \/>\n<meta name=\"twitter:card\" content=\"summary_large_image\" \/>\n<meta name=\"twitter:label1\" content=\"Tempo di lettura stimato\" \/>\n\t<meta name=\"twitter:data1\" content=\"4 minuti\" \/>\n<script type=\"application\/ld+json\" class=\"yoast-schema-graph\">{\"@context\":\"https:\/\/schema.org\",\"@graph\":[{\"@type\":\"WebPage\",\"@id\":\"https:\/\/globalrelax.it\/?page_id=813\",\"url\":\"https:\/\/globalrelax.it\/?page_id=813\",\"name\":\"Poltrone Linea Medicale\",\"isPartOf\":{\"@id\":\"https:\/\/globalrelax.it\/#website\"},\"datePublished\":\"2025-03-20T07:27:00+00:00\",\"dateModified\":\"2025-06-17T09:49:14+00:00\",\"description\":\"La Poltrone Linea Medicale favorisce il raggiungimentodel rilassamento ottimale e restituisce autonomia e indipendenza.\",\"breadcrumb\":{\"@id\":\"https:\/\/globalrelax.it\/?page_id=813#breadcrumb\"},\"inLanguage\":\"it-IT\",\"potentialAction\":[{\"@type\":\"ReadAction\",\"target\":[\"https:\/\/globalrelax.it\/?page_id=813\"]}]},{\"@type\":\"BreadcrumbList\",\"@id\":\"https:\/\/globalrelax.it\/?page_id=813#breadcrumb\",\"itemListElement\":[{\"@type\":\"ListItem\",\"position\":1,\"name\":\"Home\",\"item\":\"https:\/\/globalrelax.it\/\"},{\"@type\":\"ListItem\",\"position\":2,\"name\":\"Poltrone Linea Medicale\"}]},{\"@type\":\"WebSite\",\"@id\":\"https:\/\/globalrelax.it\/#website\",\"url\":\"https:\/\/globalrelax.it\/\",\"name\":\"Global Relax\",\"description\":\"\",\"publisher\":{\"@id\":\"https:\/\/globalrelax.it\/#organization\"},\"potentialAction\":[{\"@type\":\"SearchAction\",\"target\":{\"@type\":\"EntryPoint\",\"urlTemplate\":\"https:\/\/globalrelax.it\/?s={search_term_string}\"},\"query-input\":{\"@type\":\"PropertyValueSpecification\",\"valueRequired\":true,\"valueName\":\"search_term_string\"}}],\"inLanguage\":\"it-IT\"},{\"@type\":\"Organization\",\"@id\":\"https:\/\/globalrelax.it\/#organization\",\"name\":\"Global Relax\",\"url\":\"https:\/\/globalrelax.it\/\",\"logo\":{\"@type\":\"ImageObject\",\"inLanguage\":\"it-IT\",\"@id\":\"https:\/\/globalrelax.it\/#\/schema\/logo\/image\/\",\"url\":\"https:\/\/globalrelax.it\/wp-content\/uploads\/2024\/09\/cropped-cropped-cropped-cropped-D260DFB1-74FD-461D-81A4-D82CE58A68C7-e1732196721672.jpeg\",\"contentUrl\":\"https:\/\/globalrelax.it\/wp-content\/uploads\/2024\/09\/cropped-cropped-cropped-cropped-D260DFB1-74FD-461D-81A4-D82CE58A68C7-e1732196721672.jpeg\",\"width\":175,\"height\":175,\"caption\":\"Global Relax\"},\"image\":{\"@id\":\"https:\/\/globalrelax.it\/#\/schema\/logo\/image\/\"},\"sameAs\":[\"https:\/\/www.facebook.com\/globalrelax\/\",\"https:\/\/www.instagram.com\/globalrelax.tv\/\"]}]}<\/script>\n<!-- \/ Yoast SEO plugin. -->","yoast_head_json":{"title":"Poltrone Linea Medicale","description":"La Poltrone Linea Medicale favorisce il raggiungimentodel rilassamento ottimale e restituisce autonomia e indipendenza.","robots":{"index":"index","follow":"follow","max-snippet":"max-snippet:-1","max-image-preview":"max-image-preview:large","max-video-preview":"max-video-preview:-1"},"canonical":"https:\/\/globalrelax.it\/?page_id=813","og_locale":"it_IT","og_type":"article","og_title":"Poltrone Linea Medicale","og_description":"La Poltrone Linea Medicale favorisce il raggiungimentodel rilassamento ottimale e restituisce autonomia e indipendenza.","og_url":"https:\/\/globalrelax.it\/?page_id=813","og_site_name":"Global Relax","article_publisher":"https:\/\/www.facebook.com\/globalrelax\/","article_modified_time":"2025-06-17T09:49:14+00:00","twitter_card":"summary_large_image","twitter_misc":{"Tempo di lettura stimato":"4 minuti"},"schema":{"@context":"https:\/\/schema.org","@graph":[{"@type":"WebPage","@id":"https:\/\/globalrelax.it\/?page_id=813","url":"https:\/\/globalrelax.it\/?page_id=813","name":"Poltrone Linea Medicale","isPartOf":{"@id":"https:\/\/globalrelax.it\/#website"},"datePublished":"2025-03-20T07:27:00+00:00","dateModified":"2025-06-17T09:49:14+00:00","description":"La Poltrone Linea Medicale favorisce il raggiungimentodel rilassamento ottimale e restituisce autonomia e indipendenza.","breadcrumb":{"@id":"https:\/\/globalrelax.it\/?page_id=813#breadcrumb"},"inLanguage":"it-IT","potentialAction":[{"@type":"ReadAction","target":["https:\/\/globalrelax.it\/?page_id=813"]}]},{"@type":"BreadcrumbList","@id":"https:\/\/globalrelax.it\/?page_id=813#breadcrumb","itemListElement":[{"@type":"ListItem","position":1,"name":"Home","item":"https:\/\/globalrelax.it\/"},{"@type":"ListItem","position":2,"name":"Poltrone Linea Medicale"}]},{"@type":"WebSite","@id":"https:\/\/globalrelax.it\/#website","url":"https:\/\/globalrelax.it\/","name":"Global Relax","description":"","publisher":{"@id":"https:\/\/globalrelax.it\/#organization"},"potentialAction":[{"@type":"SearchAction","target":{"@type":"EntryPoint","urlTemplate":"https:\/\/globalrelax.it\/?s={search_term_string}"},"query-input":{"@type":"PropertyValueSpecification","valueRequired":true,"valueName":"search_term_string"}}],"inLanguage":"it-IT"},{"@type":"Organization","@id":"https:\/\/globalrelax.it\/#organization","name":"Global Relax","url":"https:\/\/globalrelax.it\/","logo":{"@type":"ImageObject","inLanguage":"it-IT","@id":"https:\/\/globalrelax.it\/#\/schema\/logo\/image\/","url":"https:\/\/globalrelax.it\/wp-content\/uploads\/2024\/09\/cropped-cropped-cropped-cropped-D260DFB1-74FD-461D-81A4-D82CE58A68C7-e1732196721672.jpeg","contentUrl":"https:\/\/globalrelax.it\/wp-content\/uploads\/2024\/09\/cropped-cropped-cropped-cropped-D260DFB1-74FD-461D-81A4-D82CE58A68C7-e1732196721672.jpeg","width":175,"height":175,"caption":"Global Relax"},"image":{"@id":"https:\/\/globalrelax.it\/#\/schema\/logo\/image\/"},"sameAs":["https:\/\/www.facebook.com\/globalrelax\/","https:\/\/www.instagram.com\/globalrelax.tv\/"]}]}},"_links":{"self":[{"href":"https:\/\/globalrelax.it\/index.php?rest_route=\/wp\/v2\/pages\/813","targetHints":{"allow":["GET"]}}],"collection":[{"href":"https:\/\/globalrelax.it\/index.php?rest_route=\/wp\/v2\/pages"}],"about":[{"href":"https:\/\/globalrelax.it\/index.php?rest_route=\/wp\/v2\/types\/page"}],"author":[{"embeddable":true,"href":"https:\/\/globalrelax.it\/index.php?rest_route=\/wp\/v2\/users\/2"}],"replies":[{"embeddable":true,"href":"https:\/\/globalrelax.it\/index.php?rest_route=%2Fwp%2Fv2%2Fcomments&post=813"}],"version-history":[{"count":54,"href":"https:\/\/globalrelax.it\/index.php?rest_route=\/wp\/v2\/pages\/813\/revisions"}],"predecessor-version":[{"id":4786,"href":"https:\/\/globalrelax.it\/index.php?rest_route=\/wp\/v2\/pages\/813\/revisions\/4786"}],"wp:attachment":[{"href":"https:\/\/globalrelax.it\/index.php?rest_route=%2Fwp%2Fv2%2Fmedia&parent=813"}],"curies":[{"name":"wp","href":"https:\/\/api.w.org\/{rel}","templated":true}]}}